
{"id":98,"date":"2011-12-01T05:48:16","date_gmt":"2011-12-01T05:48:16","guid":{"rendered":"http:\/\/www.motorkari-olomouc.cz\/?page_id=98"},"modified":"2013-10-30T09:11:28","modified_gmt":"2013-10-30T09:11:28","slug":"kodex-pro-dve-kola","status":"publish","type":"page","link":"https:\/\/www.motorkari-olomouc.cz\/?page_id=98","title":{"rendered":"Kodex motork\u00e1\u0159e"},"content":{"rendered":"<p style=\"text-align: center;\"><strong>N\u011bco z historie<\/strong><\/p>\n<p><strong><\/strong>\u00a0V\u0161echny motork\u00e1\u0159e kdysi spojovalo pouto \u2013 nepsan\u00fd kodex etiky a chov\u00e1n\u00ed. Tento kodex byl v\u00edce ne\u017e slova, byl postaven na \u010dinech. Nikdy nebyl seps\u00e1n jako n\u011bjak\u00e1 bible pro motork\u00e1\u0159e a v\u016fbec, na\u010d m\u00edt takovou objemnou knihu? Ale \u010dasy se m\u011bn\u00ed a venku se objevuje st\u00e1le v\u00edce nov\u00fdch jezdc\u016f. Val\u00ed se po silnic\u00edch &#8211; na sob\u011b \u0161ortky, tenisky anebo taky d\u017e\u00edny a vysok\u00e9 boty. A\u017e p\u0159\u00ed\u0161t\u011b zastav\u00ed\u0161 vedle nejdrsn\u011bj\u0161\u00edho, nejtvrd\u0161\u00edho motork\u00e1\u0159 klidn\u011b by to mohl b\u00fdt tv\u016fj doktor nebo pr\u00e1vn\u00edk s rolexkami pod ko\u017eenou bundou. (Na tom v\u0161em nen\u00ed nic \u0161patn\u00e9ho v p\u0159\u00edpad\u011b, \u017ee se ti nov\u00fd nau\u010d\u00ed pravidla kodexu, tak jako sta\u0159\u00ed veter\u00e1ni).<\/p>\n<p>Easyriders zkoumali a hodnotili na p\u00e1r proj\u00ed\u017e\u010fk\u00e1ch chov\u00e1n\u00ed (etiketu) motork\u00e1\u0159\u016f. (Ne \u017ee bychom byli sv\u011btov\u00e1 autorita v tomto oboru (anebo mo\u017en\u00e1 \u017ee jo)<\/p>\n<p>V \u010dasech minul\u00fdch b\u00fdt motork\u00e1\u0159em znamenalo pou\u017e\u00edt ve\u0161kerou svou tvo\u0159ivost a z kostit\u0159asu, ze zm\u011bti star\u00fdch dr\u00e1t\u016f vytvo\u0159it jedine\u010dn\u00fd, \u00fa\u017easn\u00fd stroj jen s pomoc\u00ed sv\u00e9 v\u016fle a vynal\u00e9zavosti a pak s p\u00fdchou, kter\u00e1 jej stvo\u0159ila, riskovat na n\u011bm \u017eivot p\u0159i j\u00edzd\u011b po asfaltu. Motork\u00e1\u0159i nos\u00edvali k\u016f\u017ei a pom\u00e1du na vlasech proto\u017ee v\u011bd\u011bli, \u017ee \u010detn\u00edci je budou kritizovat (a\u017e pron\u00e1sledovat) jakmile je zpozoruj\u00ed a proto museli nah\u00e1n\u011bt hr\u016fzu. \u017dili jako zvl\u00e1\u0161tn\u00ed druh bez n\u011bjak\u00e9ho svazu, bez n\u011bjak\u00e9 skupiny, kter\u00e1 by n\u00e1s podporovala a v mnoha p\u0159\u00edpadech bez rodiny (rodina n\u00e1s vykopla). Museli jsme se protloukat sami, bojovat proti v\u0161em p\u0159\u00edkaz\u016fm a z\u00e1kaz\u016fm \u201enorm\u00e1ln\u00ed\u201c spole\u010dnosti, \u017e\u00edt navzdory v\u0161emu. P\u0159esto na\u0161e spole\u010denstv\u00ed p\u0159e\u017eilo a dob\u0159e se za\u010dalo rozv\u00edjet d\u00edky Kodexu a nikdy jsme si do toho nenechali mluvit od jin\u00fdch. Jak kdysi Jag, jeden star\u00fd tul\u00e1k s motorkou, \u0159ekl: Je \u00fakolem ka\u017ed\u00e9ho tul\u00e1ka u\u010dit ty mlad\u00e9. Jak by jinak poznali rozd\u00edl mezi motocyklistou a motork\u00e1\u0159em\u2026<\/p>\n<p>Maj\u00edce na pam\u011bti v\u00fd\u0161e uveden\u00e9 V\u00e1m p\u0159in\u00e1\u0161\u00edme \u00favod k z\u00e1klad\u016fm Kodexu. Brat\u0159i a sestry, v\u011bnujte tomuto pozornost, nebo\u0165 blahoslaven\u00fd je n\u00e1\u0161 Kodex, napln\u011bn ct\u00ed a v\u011brnost\u00ed, kter\u00e9 ztratily se spolu s \u010dasy ryt\u00ed\u0159sk\u00fdmi.<\/p>\n<p style=\"text-align: center;\"><strong>Motork\u00e1\u0159sk\u00e1 P\u0159ik\u00e1z\u00e1n\u00ed<\/strong><\/p>\n<p>Nenech si nic namluvit. Bu\u010f laskav\u00fd k \u017een\u00e1m, d\u011btem a zv\u00ed\u0159at\u016fm, ale nenechej ze sebe d\u011blat pitomce. Toto je nezbytn\u00e1 sou\u010d\u00e1st toho, \u017ee jsi motork\u00e1\u0159. Je to spojeno se ct\u00ed a \u00factou. Ka\u017ed\u00fd um\u00ed b\u00fdt neomalen\u00fd, v\u00fdbu\u0161n\u00fd hulv\u00e1t. Bu\u010f v klidu, st\u016fj zp\u0159\u00edma a a\u0165 tv\u00e1 slova jsou podpo\u0159ena tv\u00fdmi \u010diny.<\/p>\n<p>Nikdy nel\u017ei, nepodv\u00e1d\u011bj a nekra\u010f. Jin\u00fdmi slovy, v\u017edy \u0159\u00edkej pravdu. Zl\u00fd chlapi s pom\u00e1dou jsou motork\u00e1\u0159i jen ve filmech, ale ka\u017ed\u00fd skute\u010dn\u00fd motork\u00e1\u0159 v\u00ed, \u017ee je v\u00e1z\u00e1n sv\u00fdmi slovy. Tv\u00e9 slovo je to jedin\u00e9 na sv\u011bt\u011b, co je skute\u010dn\u011b jen tvoje. Va\u017e sv\u00e1 slova a bu\u010f u\u0161lechtil\u00fd, nebo\u0165 jen tak z\u016fstane\u0161 prav\u00fdm ryt\u00ed\u0159em silnic.<\/p>\n<p>Pokud spat\u0159\u00ed\u0161 zlo, naprav jej s\u00e1m. Pokud n\u011bco zam\u00fd\u0161l\u00ed\u0161 (m\u00e1\u0161 n\u011bco za lubem a je z toho chyba), vy\u0159e\u0161 s\u00e1m probl\u00e9my z toho plynouc\u00ed tak, abys nikdy nec\u00edtil pot\u0159ebu n\u011bkoho pr\u00e1sknout. Pr\u00e1ska\u010di jsou ty nejv\u00edce mrzk\u00e9 formy \u017eivota na zemi srovnateln\u00e9 se zlod\u011bji motorek.<\/p>\n<p>Nef\u0148ukej. Absolutn\u011b nikdo nem\u00e1 r\u00e1d a nerespektuje lidi, kte\u0159\u00ed f\u0148ukaj\u00ed. Taky se to d\u00e1 \u0159\u00edci tak, \u017ee bys nem\u011bl o\u010der\u0148ovat (pomlouvat) druh\u00e9. Anebo se taky d\u00e1 \u0159\u00edct \u2013 ne\u0159e\u0161 malichernosti. V\u011bt\u0161ina nep\u0159\u00edjemn\u00fdch v\u011bc\u00ed v \u017eivot\u011b se vy\u0159e\u0161\u00ed sama, a\u0165 u\u017e f\u0148uk\u00e1\u0161 nebo ne. Tak sakra, hlavu vzh\u016fru. Ty jsi motork\u00e1\u0159 a ne n\u011bjak\u00e1 sra\u010dka.<\/p>\n<p>Nikdy ne\u0159\u00edkej, \u017ee by sis p\u0159\u00e1l zem\u0159\u00edt a nikdy se nevzd\u00e1vej. A\u0165 u\u017e je to ve rva\u010dce, v debat\u011b nebo p\u0159i obchodu a a\u0165 je situace jakkoliv \u0161patn\u00e1, motork\u00e1\u0159 se nikdy se nevzd\u00e1v\u00e1. A proto je taky v dne\u0161n\u00ed dob\u011b vid\u011bt spoustu motork\u00e1\u0159\u016f se \u0161r\u00e1my, nebo\u0165 nev\u011bd\u00ed jak se vzd\u00e1t n\u011bkter\u00fdch podstatn\u00fdch sou\u010d\u00e1st\u00ed sv\u00e9ho j\u00e1 a jak m\u011bnit sv\u00e9 chov\u00e1n\u00ed. Ve sv\u011bt\u011b motork\u00e1\u0159\u016f, kte\u0159\u00ed jsou drsn\u00fdmi individualisty, p\u0159e\u017eij\u00ed jen ti siln\u00ed.<\/p>\n<p>Pom\u00e1hej ostatn\u00edm. Kdy\u017e bratr nebo sestra stoj\u00ed se sv\u00fdm porouchan\u00fdm strojem na silnici, zastav se a nab\u00eddni pomoc. I pouh\u00e1 mor\u00e1ln\u00ed podpora, pokud to je v\u0161echno, co m\u016f\u017ee\u0161 nab\u00eddnout, je lep\u0161\u00ed ne\u017e nev\u0161\u00edmav\u011b projet d\u00e1l. Pamatuj si, \u017ee \u017eivot je o cest\u011b, j\u00edzd\u011b, ne o c\u00edli. A kdy\u017e u\u017e jsi v c\u00edli, nepom\u00e1hej jenom dal\u0161\u00edm motork\u00e1\u0159\u016fm, ale uka\u017e sv\u011btu, \u017ee jsme lep\u0161\u00ed ne\u017e jak\u00e1 o n\u00e1s obecn\u011b panuje p\u0159edstava. Slu\u0161nost, zdvo\u0159ilost nestoj\u00ed nic, ale s n\u00ed z\u00edsk\u00e1v\u00e1\u0161 v\u0161echno.<\/p>\n<p>Dr\u017e se sv\u00fdch pl\u00e1n\u016f. Kdy\u017e \u0159ekne\u0161, \u017ee n\u011bco ud\u011bl\u00e1\u0161, tak to ud\u011blej, kdy\u017e \u0159ekne\u0161, \u017ee n\u011bkde bude\u0161, tak dodr\u017e sv\u00e9 slovo. Tomuto se \u0159\u00edk\u00e1 zachovat si svou \u010dest a tak\u00e9 to souvis\u00ed se schopnost\u00ed m\u00edt a udr\u017eet si sv\u016fj n\u00e1zor. Je to stejn\u00e9 jak se zp\u00edv\u00e1 v jedn\u00e9 p\u00edsni\u010dce. Mus\u00ed\u0161 za n\u011b\u010d\u00edm j\u00edt, pro n\u011bco \u017e\u00edt, bys ust\u00e1l \u017eivota v\u00edr.<\/p>\n<p>\u017divot nen\u00ed jen n\u00e1cvik na n\u011bco. Nen\u00ed to jen zkou\u0161ka na premi\u00e9ru. TOHLE JE \u017dIVOT. Tak vyje\u010f ven a u\u017e\u00edvej ho pln\u00fdmi dou\u0161ky. Nem\u00e1\u0161 co ztratit, motork\u00e1\u0159i ne\u010dekaj\u00ed, a\u017e n\u011bjak\u00e1 p\u00e1rty p\u0159ijde k nim. Mo\u017en\u00e1 si vyjede\u0161 u\u017e jen jednou. Z\u00edtra u\u017e m\u016f\u017ee\u0161 skon\u010dit pod koly n\u00e1ru\u017eiv\u00e9ho ku\u0159\u00e1ka, kter\u00fd jen na p\u00e1r chvil zav\u0159el o\u010di za volantem sv\u00e9ho n\u00e1kla\u010f\u00e1ku\u2026\u017divot je p\u0159\u00edtomnost, tak a\u0165 ka\u017ed\u00fd jej\u00ed okam\u017eik stoj\u00ed za to. \u017divot nen\u00ed jen zkou\u0161ka na n\u011bco, co teprve p\u0159ijde\u2026<\/p>\n<p>Tak a te\u010f si to zopakujeme. Jsi motork\u00e1\u0159, modern\u00ed ryt\u00ed\u0159 silnic. Chra\u0148 slab\u00e9, dr\u017e hlavu vzh\u016fru a bu\u010f hrd\u00fd na to, kdo jsi. Co \u0159ekne\u0161, nech\u0165 plat\u00ed. Dr\u017e se sv\u00fdch pl\u00e1n\u016f. Nenechej si od nikoho mluvit do sv\u00fdch z\u00e1le\u017eitost\u00ed. \u017divot nen\u00ed jen zkou\u0161ka. Tak a te\u010f jdi na to, rozje\u010f se. A kdy\u017e bude\u0161 pochybovat, sedni na motorku a je\u010f. To je to co my d\u011bl\u00e1me \u2013 jezd\u00edme. A pokud chce\u0161 jezdit v havajsk\u00e9 ko\u0161ili a sand\u00e1lech \u2013 tak do toho. Ale kdy\u017e u\u017e chce\u0161 vypadat jako pitomec, tak se tak alespo\u0148 nechovej.<\/p>\n<p>Tato p\u0159ik\u00e1z\u00e1n\u00ed jsou vysv\u011btlena jen v hrub\u00fdch rysech. Je tady toho mnohem v\u00edc na to, aby se \u010dlov\u011bk stal motork\u00e1\u0159em. Nesta\u010d\u00ed si jen koupit motorku. Kdy\u017e si jen koup\u00edte motorku, je z V\u00e1s motocyklista. Ale b\u00fdt motork\u00e1\u0159em, to je zp\u016fsob \u017eivota \u2013 jsme py\u0161n\u00ed na sv\u016fj \u017eivot, kter\u00fd \u017eijeme se spaluj\u00edc\u00ed v\u00e1\u0161n\u00ed pro j\u00edzdu a \u017eivot.<\/p>\n<h1 style=\"text-align: center;\"><strong>Tak je\u010f \u2026.<\/strong><\/h1>\n<h1 style=\"text-align: center;\"><strong>Te\u010f v\u00ed\u0161, kdo jsi \u2026\u2026<\/strong><\/h1>\n<p style=\"text-align: center;\">V\u00fd\u0161e uveden\u00fd text byl p\u0159evzat a p\u0159elo\u017een od zahrani\u010dn\u00edch MC. \u00a9 2005 &#8211; BD LE<\/p>\n<h3 style=\"text-align: center;\"><strong><strong>Za Olomouc Bikers O.B.F.<\/strong><\/strong><\/h3>\n<h3 style=\"text-align: center;\"><strong>Na\u0161e \u00favaha a mal\u00e9 dopln\u011bn\u00ed: Dnes u\u017e je sv\u011bt MC a doby ve kter\u00e9 byl tento kodex seps\u00e1n zcela n\u011bkde jinde. Je na ka\u017ed\u00e9m z n\u00e1s co si z v\u00fd\u0161e uveden\u00e9ho textu vezme za sv\u00e9 a do jak\u00e9 m\u00edry se s n\u00edm ztoto\u017en\u00ed \u010di ne. Ale i p\u0159esto, \u017ee se dnes jedn\u00e1 o v\u00edcem\u00e9n\u011b historick\u00fd materi\u00e1l, \u00a0jist\u011b v n\u011bm i dne\u0161n\u00ed motork\u00e1\u0159 \u017eij\u00edc\u00ed v sou\u010dasn\u00e9 dob\u011b a spole\u010dnosti najde n\u011bkter\u00e1 slova a z\u00e1sady kter\u00e1 si zaslou\u017e\u00ed minim\u00e1ln\u011b na\u0161e zamy\u0161len\u00ed.<\/strong><\/h3>\n<h3 style=\"text-align: center;\"><strong><strong>RESPEKTOVAT A B\u00ddT RESPEKTOV\u00c1N.<\/strong><\/strong><\/h3>\n<h3 style=\"text-align: center;\"><\/h3>\n","protected":false},"excerpt":{"rendered":"<p>N\u011bco z historie \u00a0V\u0161echny motork\u00e1\u0159e kdysi spojovalo pouto \u2013 nepsan\u00fd kodex etiky a chov\u00e1n\u00ed. Tento kodex byl v\u00edce ne\u017e slova, byl postaven na \u010dinech. Nikdy nebyl seps\u00e1n jako n\u011bjak\u00e1 bible pro motork\u00e1\u0159e a v\u016fbec, na\u010d m\u00edt takovou objemnou knihu? Ale \u010dasy se m\u011bn\u00ed a venku se objevuje st\u00e1le v\u00edce nov\u00fdch jezdc\u016f. Val\u00ed se po silnic\u00edch [&hellip;]<\/p>\n","protected":false},"author":1,"featured_media":0,"parent":0,"menu_order":6,"comment_status":"open","ping_status":"open","template":"","meta":{"ngg_post_thumbnail":0,"footnotes":""},"class_list":["post-98","page","type-page","status-publish","hentry"],"_links":{"self":[{"href":"https:\/\/www.motorkari-olomouc.cz\/index.php?rest_route=\/wp\/v2\/pages\/98","targetHints":{"allow":["GET"]}}],"collection":[{"href":"https:\/\/www.motorkari-olomouc.cz\/index.php?rest_route=\/wp\/v2\/pages"}],"about":[{"href":"https:\/\/www.motorkari-olomouc.cz\/index.php?rest_route=\/wp\/v2\/types\/page"}],"author":[{"embeddable":true,"href":"https:\/\/www.motorkari-olomouc.cz\/index.php?rest_route=\/wp\/v2\/users\/1"}],"replies":[{"embeddable":true,"href":"https:\/\/www.motorkari-olomouc.cz\/index.php?rest_route=%2Fwp%2Fv2%2Fcomments&post=98"}],"version-history":[{"count":22,"href":"https:\/\/www.motorkari-olomouc.cz\/index.php?rest_route=\/wp\/v2\/pages\/98\/revisions"}],"predecessor-version":[{"id":556,"href":"https:\/\/www.motorkari-olomouc.cz\/index.php?rest_route=\/wp\/v2\/pages\/98\/revisions\/556"}],"wp:attachment":[{"href":"https:\/\/www.motorkari-olomouc.cz\/index.php?rest_route=%2Fwp%2Fv2%2Fmedia&parent=98"}],"curies":[{"name":"wp","href":"https:\/\/api.w.org\/{rel}","templated":true}]}}